{"id":60,"date":"2019-12-27T10:31:26","date_gmt":"2019-12-27T12:31:26","guid":{"rendered":"http:\/\/blog.ingai.agr.br\/?page_id=60"},"modified":"2021-05-27T08:03:58","modified_gmt":"2021-05-27T11:03:58","slug":"manejo-nutricional","status":"publish","type":"page","link":"http:\/\/blog.ingai.agr.br\/?page_id=60","title":{"rendered":"Manejo nutricional"},"content":{"rendered":"\n<figure class=\"wp-block-embed-wordpress wp-block-embed is-type-wp-embed is-provider-otavio-bernardes\"><div class=\"wp-block-embed__wrapper\">\n<blockquote class=\"wp-embedded-content\" data-secret=\"1YD9yNU3Wb\"><a href=\"http:\/\/blog.ingai.agr.br\/?p=193\">Qual a composi\u00e7\u00e3o do pasto que a b\u00fafala comeu ?<\/a><\/blockquote><iframe class=\"wp-embedded-content\" sandbox=\"allow-scripts\" security=\"restricted\" style=\"position: absolute; clip: rect(1px, 1px, 1px, 1px);\" title=\"&#8220;Qual a composi\u00e7\u00e3o do pasto que a b\u00fafala comeu ?&#8221; &#8212; Otavio Bernardes\" src=\"http:\/\/blog.ingai.agr.br\/?p=193&#038;embed=true#?secret=1YD9yNU3Wb\" data-secret=\"1YD9yNU3Wb\" width=\"600\" height=\"338\" frameborder=\"0\" marginwidth=\"0\" marginheight=\"0\" scrolling=\"no\"><\/iframe>\n<\/div><\/figure>\n\n\n\n<figure class=\"wp-block-embed-wordpress wp-block-embed is-type-wp-embed is-provider-otavio-bernardes\"><div class=\"wp-block-embed__wrapper\">\n<blockquote class=\"wp-embedded-content\" data-secret=\"jhKcQ88Mht\"><a href=\"http:\/\/blog.ingai.agr.br\/?p=164\">Dieta de b\u00fafalas em lacta\u00e7\u00e3o &#8211; modelo simplificado<\/a><\/blockquote><iframe class=\"wp-embedded-content\" sandbox=\"allow-scripts\" security=\"restricted\" style=\"position: absolute; clip: rect(1px, 1px, 1px, 1px);\" title=\"&#8220;Dieta de b\u00fafalas em lacta\u00e7\u00e3o &#8211; modelo simplificado&#8221; &#8212; Otavio Bernardes\" src=\"http:\/\/blog.ingai.agr.br\/?p=164&#038;embed=true#?secret=jhKcQ88Mht\" data-secret=\"jhKcQ88Mht\" width=\"600\" height=\"338\" frameborder=\"0\" marginwidth=\"0\" marginheight=\"0\" scrolling=\"no\"><\/iframe>\n<\/div><\/figure>\n\n\n\n<figure class=\"wp-block-embed-wordpress wp-block-embed is-type-wp-embed is-provider-otavio-bernardes\"><div class=\"wp-block-embed__wrapper\">\n<blockquote class=\"wp-embedded-content\" data-secret=\"Gh0nAIqFAf\"><a href=\"http:\/\/blog.ingai.agr.br\/?p=58\">Uso de cevada (res\u00edduo de cervejaria)<\/a><\/blockquote><iframe class=\"wp-embedded-content\" sandbox=\"allow-scripts\" security=\"restricted\" style=\"position: absolute; clip: rect(1px, 1px, 1px, 1px);\" title=\"&#8220;Uso de cevada (res\u00edduo de cervejaria)&#8221; &#8212; Otavio Bernardes\" src=\"http:\/\/blog.ingai.agr.br\/?p=58&#038;embed=true#?secret=Gh0nAIqFAf\" data-secret=\"Gh0nAIqFAf\" width=\"600\" height=\"338\" frameborder=\"0\" marginwidth=\"0\" marginheight=\"0\" scrolling=\"no\"><\/iframe>\n<\/div><\/figure>\n","protected":false},"excerpt":{"rendered":"","protected":false},"author":2,"featured_media":0,"parent":0,"menu_order":0,"comment_status":"closed","ping_status":"closed","template":"","meta":{"_mi_skip_tracking":false},"_links":{"self":[{"href":"http:\/\/blog.ingai.agr.br\/index.php?rest_route=\/wp\/v2\/pages\/60"}],"collection":[{"href":"http:\/\/blog.ingai.agr.br\/index.php?rest_route=\/wp\/v2\/pages"}],"about":[{"href":"http:\/\/blog.ingai.agr.br\/index.php?rest_route=\/wp\/v2\/types\/page"}],"author":[{"embeddable":true,"href":"http:\/\/blog.ingai.agr.br\/index.php?rest_route=\/wp\/v2\/users\/2"}],"replies":[{"embeddable":true,"href":"http:\/\/blog.ingai.agr.br\/index.php?rest_route=%2Fwp%2Fv2%2Fcomments&post=60"}],"version-history":[{"count":4,"href":"http:\/\/blog.ingai.agr.br\/index.php?rest_route=\/wp\/v2\/pages\/60\/revisions"}],"predecessor-version":[{"id":282,"href":"http:\/\/blog.ingai.agr.br\/index.php?rest_route=\/wp\/v2\/pages\/60\/revisions\/282"}],"wp:attachment":[{"href":"http:\/\/blog.ingai.agr.br\/index.php?rest_route=%2Fwp%2Fv2%2Fmedia&parent=60"}],"curies":[{"name":"wp","href":"https:\/\/api.w.org\/{rel}","templated":true}]}}