{"id":52,"date":"2019-12-27T10:13:51","date_gmt":"2019-12-27T12:13:51","guid":{"rendered":"http:\/\/blog.ingai.agr.br\/?page_id=52"},"modified":"2020-08-08T10:59:42","modified_gmt":"2020-08-08T13:59:42","slug":"bufalos-mercado","status":"publish","type":"page","link":"http:\/\/blog.ingai.agr.br\/?page_id=52","title":{"rendered":"B\u00fafalos &#8211; mercado"},"content":{"rendered":"\n<figure class=\"wp-block-embed-wordpress wp-block-embed is-type-wp-embed is-provider-otavio-bernardes\"><div class=\"wp-block-embed__wrapper\">\n<blockquote class=\"wp-embedded-content\" data-secret=\"2KQyHUs8Qk\"><a href=\"http:\/\/blog.ingai.agr.br\/?p=272\">Mercado de carne de b\u00fafalos &#8211; considera\u00e7\u00f5es<\/a><\/blockquote><iframe class=\"wp-embedded-content\" sandbox=\"allow-scripts\" security=\"restricted\" style=\"position: absolute; clip: rect(1px, 1px, 1px, 1px);\" title=\"&#8220;Mercado de carne de b\u00fafalos &#8211; considera\u00e7\u00f5es&#8221; &#8212; Otavio Bernardes\" src=\"http:\/\/blog.ingai.agr.br\/?p=272&#038;embed=true#?secret=2KQyHUs8Qk\" data-secret=\"2KQyHUs8Qk\" width=\"600\" height=\"338\" frameborder=\"0\" marginwidth=\"0\" marginheight=\"0\" scrolling=\"no\"><\/iframe>\n<\/div><\/figure>\n\n\n\n<ul><li><a href=\"http:\/\/blog.ingai.agr.br\/?p=208\"><strong>V<\/strong><\/a><strong><a href=\"http:\/\/blog.ingai.agr.br\/?p=208\">erticaliza\u00e7\u00e3o na bubalinocultura leiteira<\/a>  <\/strong><br><\/li><li><a href=\"http:\/\/blog.ingai.agr.br\/?p=157\"><strong>Co<\/strong><\/a><strong><a href=\"http:\/\/blog.ingai.agr.br\/?p=157\">nsidera\u00e7\u00f5es sobre a cadeia do leite de b\u00fafalas (agosto\/2019)<\/a> <\/strong><br><\/li><li><strong><a href=\"http:\/\/blog.ingai.agr.br\/?p=47\">Mussarelas de qualidade elaboradas com leite bovino<\/a> <\/strong><br><\/li><li><a href=\"http:\/\/blog.ingai.agr.br\/?p=146\"><strong>Wanderley Bernardes- 1994 \u2013 Hotel em Piraquara<\/strong><\/a><br><\/li><\/ul>\n","protected":false},"excerpt":{"rendered":"<p>Verticaliza\u00e7\u00e3o na bubalinocultura leiteira Considera\u00e7\u00f5es sobre a cadeia do leite de b\u00fafalas (agosto\/2019) Mussarelas de qualidade elaboradas com leite bovino [&hellip;]<\/p>\n","protected":false},"author":2,"featured_media":0,"parent":6,"menu_order":0,"comment_status":"closed","ping_status":"closed","template":"","meta":{"_mi_skip_tracking":false},"_links":{"self":[{"href":"http:\/\/blog.ingai.agr.br\/index.php?rest_route=\/wp\/v2\/pages\/52"}],"collection":[{"href":"http:\/\/blog.ingai.agr.br\/index.php?rest_route=\/wp\/v2\/pages"}],"about":[{"href":"http:\/\/blog.ingai.agr.br\/index.php?rest_route=\/wp\/v2\/types\/page"}],"author":[{"embeddable":true,"href":"http:\/\/blog.ingai.agr.br\/index.php?rest_route=\/wp\/v2\/users\/2"}],"replies":[{"embeddable":true,"href":"http:\/\/blog.ingai.agr.br\/index.php?rest_route=%2Fwp%2Fv2%2Fcomments&post=52"}],"version-history":[{"count":15,"href":"http:\/\/blog.ingai.agr.br\/index.php?rest_route=\/wp\/v2\/pages\/52\/revisions"}],"predecessor-version":[{"id":276,"href":"http:\/\/blog.ingai.agr.br\/index.php?rest_route=\/wp\/v2\/pages\/52\/revisions\/276"}],"up":[{"embeddable":true,"href":"http:\/\/blog.ingai.agr.br\/index.php?rest_route=\/wp\/v2\/pages\/6"}],"wp:attachment":[{"href":"http:\/\/blog.ingai.agr.br\/index.php?rest_route=%2Fwp%2Fv2%2Fmedia&parent=52"}],"curies":[{"name":"wp","href":"https:\/\/api.w.org\/{rel}","templated":true}]}}