{"id":34,"date":"2019-12-27T09:17:13","date_gmt":"2019-12-27T11:17:13","guid":{"rendered":"http:\/\/blog.ingai.agr.br\/?page_id=34"},"modified":"2023-03-15T09:29:03","modified_gmt":"2023-03-15T12:29:03","slug":"manejo-reprodutivo","status":"publish","type":"page","link":"http:\/\/blog.ingai.agr.br\/?page_id=34","title":{"rendered":"Manejo reprodutivo"},"content":{"rendered":"\n<figure class=\"wp-block-embed-wordpress wp-block-embed is-type-wp-embed is-provider-otavio-bernardes\"><div class=\"wp-block-embed__wrapper\">\n<blockquote class=\"wp-embedded-content\" data-secret=\"zQKA0joZQh\"><a href=\"http:\/\/blog.ingai.agr.br\/?p=170\">Ju\u00edza da Inga\u00ed e as biotecnologias<\/a><\/blockquote><iframe class=\"wp-embedded-content\" sandbox=\"allow-scripts\" security=\"restricted\" style=\"position: absolute; clip: rect(1px, 1px, 1px, 1px);\" title=\"&#8220;Ju\u00edza da Inga\u00ed e as biotecnologias&#8221; &#8212; Otavio Bernardes\" src=\"http:\/\/blog.ingai.agr.br\/?p=170&#038;embed=true#?secret=zQKA0joZQh\" data-secret=\"zQKA0joZQh\" width=\"600\" height=\"338\" frameborder=\"0\" marginwidth=\"0\" marginheight=\"0\" scrolling=\"no\"><\/iframe>\n<\/div><\/figure>\n\n\n\n<figure class=\"wp-block-embed-wordpress wp-block-embed is-type-wp-embed is-provider-otavio-bernardes\"><div class=\"wp-block-embed__wrapper\">\n<blockquote class=\"wp-embedded-content\" data-secret=\"0XIMn70N8s\"><a href=\"http:\/\/blog.ingai.agr.br\/?p=36\">Indu\u00e7\u00e3o de ovula\u00e7\u00e3o para monta natural<\/a><\/blockquote><iframe class=\"wp-embedded-content\" sandbox=\"allow-scripts\" security=\"restricted\" style=\"position: absolute; clip: rect(1px, 1px, 1px, 1px);\" title=\"&#8220;Indu\u00e7\u00e3o de ovula\u00e7\u00e3o para monta natural&#8221; &#8212; Otavio Bernardes\" src=\"http:\/\/blog.ingai.agr.br\/?p=36&#038;embed=true#?secret=0XIMn70N8s\" data-secret=\"0XIMn70N8s\" width=\"600\" height=\"338\" frameborder=\"0\" marginwidth=\"0\" marginheight=\"0\" scrolling=\"no\"><\/iframe>\n<\/div><\/figure>\n\n\n\n<figure class=\"wp-block-embed-wordpress wp-block-embed is-type-wp-embed is-provider-otavio-bernardes\"><div class=\"wp-block-embed__wrapper\">\n<blockquote class=\"wp-embedded-content\" data-secret=\"YMKn0d8shk\"><a href=\"http:\/\/blog.ingai.agr.br\/?p=111\">Idade \u00e0 primeira cria como indicador de subfertilidade ?<\/a><\/blockquote><iframe class=\"wp-embedded-content\" sandbox=\"allow-scripts\" security=\"restricted\" style=\"position: absolute; clip: rect(1px, 1px, 1px, 1px);\" title=\"&#8220;Idade \u00e0 primeira cria como indicador de subfertilidade ?&#8221; &#8212; Otavio Bernardes\" src=\"http:\/\/blog.ingai.agr.br\/?p=111&#038;embed=true#?secret=YMKn0d8shk\" data-secret=\"YMKn0d8shk\" width=\"600\" height=\"338\" frameborder=\"0\" marginwidth=\"0\" marginheight=\"0\" scrolling=\"no\"><\/iframe>\n<\/div><\/figure>\n","protected":false},"excerpt":{"rendered":"","protected":false},"author":2,"featured_media":0,"parent":0,"menu_order":0,"comment_status":"closed","ping_status":"closed","template":"","meta":{"_mi_skip_tracking":false},"_links":{"self":[{"href":"http:\/\/blog.ingai.agr.br\/index.php?rest_route=\/wp\/v2\/pages\/34"}],"collection":[{"href":"http:\/\/blog.ingai.agr.br\/index.php?rest_route=\/wp\/v2\/pages"}],"about":[{"href":"http:\/\/blog.ingai.agr.br\/index.php?rest_route=\/wp\/v2\/types\/page"}],"author":[{"embeddable":true,"href":"http:\/\/blog.ingai.agr.br\/index.php?rest_route=\/wp\/v2\/users\/2"}],"replies":[{"embeddable":true,"href":"http:\/\/blog.ingai.agr.br\/index.php?rest_route=%2Fwp%2Fv2%2Fcomments&post=34"}],"version-history":[{"count":6,"href":"http:\/\/blog.ingai.agr.br\/index.php?rest_route=\/wp\/v2\/pages\/34\/revisions"}],"predecessor-version":[{"id":285,"href":"http:\/\/blog.ingai.agr.br\/index.php?rest_route=\/wp\/v2\/pages\/34\/revisions\/285"}],"wp:attachment":[{"href":"http:\/\/blog.ingai.agr.br\/index.php?rest_route=%2Fwp%2Fv2%2Fmedia&parent=34"}],"curies":[{"name":"wp","href":"https:\/\/api.w.org\/{rel}","templated":true}]}}