{"id":124,"date":"2019-12-28T21:37:09","date_gmt":"2019-12-28T23:37:09","guid":{"rendered":"http:\/\/blog.ingai.agr.br\/?page_id=124"},"modified":"2020-01-18T10:17:39","modified_gmt":"2020-01-18T12:17:39","slug":"producao-leiteira","status":"publish","type":"page","link":"http:\/\/blog.ingai.agr.br\/?page_id=124","title":{"rendered":"Produ\u00e7\u00e3o leiteira"},"content":{"rendered":"\n<figure class=\"wp-block-embed-wordpress wp-block-embed is-type-wp-embed is-provider-otavio-bernardes\"><div class=\"wp-block-embed__wrapper\">\n<blockquote class=\"wp-embedded-content\" data-secret=\"1de8mG4TLu\"><a href=\"http:\/\/blog.ingai.agr.br\/2020\/01\/18\/juiza-da-ingai-e-as-biotecnologias\/\">Ju\u00edza da Inga\u00ed e as biotecnologias<\/a><\/blockquote><iframe title=\"&#8220;Ju\u00edza da Inga\u00ed e as biotecnologias&#8221; &#8212; Otavio Bernardes\" class=\"wp-embedded-content\" sandbox=\"allow-scripts\" security=\"restricted\" style=\"position: absolute; clip: rect(1px, 1px, 1px, 1px);\" src=\"http:\/\/blog.ingai.agr.br\/2020\/01\/18\/juiza-da-ingai-e-as-biotecnologias\/embed\/#?secret=1de8mG4TLu\" data-secret=\"1de8mG4TLu\" width=\"600\" height=\"338\" frameborder=\"0\" marginwidth=\"0\" marginheight=\"0\" scrolling=\"no\"><\/iframe>\n<\/div><\/figure>\n\n\n\n<figure class=\"wp-block-embed-wordpress wp-block-embed is-type-wp-embed is-provider-otavio-bernardes\"><div class=\"wp-block-embed__wrapper\">\n<blockquote class=\"wp-embedded-content\" data-secret=\"o1LzAfkZLE\"><a href=\"http:\/\/blog.ingai.agr.br\/2019\/12\/28\/estimativa-da-producao-leiteira-total-com-base-na-producao-acumulada\/\">Estimativa da produ\u00e7\u00e3o leiteira total com base na produ\u00e7\u00e3o acumulada<\/a><\/blockquote><iframe title=\"&#8220;Estimativa da produ\u00e7\u00e3o leiteira total com base na produ\u00e7\u00e3o acumulada&#8221; &#8212; Otavio Bernardes\" class=\"wp-embedded-content\" sandbox=\"allow-scripts\" security=\"restricted\" style=\"position: absolute; clip: rect(1px, 1px, 1px, 1px);\" src=\"http:\/\/blog.ingai.agr.br\/2019\/12\/28\/estimativa-da-producao-leiteira-total-com-base-na-producao-acumulada\/embed\/#?secret=o1LzAfkZLE\" data-secret=\"o1LzAfkZLE\" width=\"600\" height=\"338\" frameborder=\"0\" marginwidth=\"0\" marginheight=\"0\" scrolling=\"no\"><\/iframe>\n<\/div><\/figure>\n\n\n\n<figure class=\"wp-block-embed-wordpress wp-block-embed is-type-wp-embed is-provider-otavio-bernardes\"><div class=\"wp-block-embed__wrapper\">\n<blockquote class=\"wp-embedded-content\" data-secret=\"wnqG7vUTEi\"><a href=\"http:\/\/blog.ingai.agr.br\/2019\/12\/29\/gilete-da-ingai-uma-vida-produtiva\/\">Gilete da Inga\u00ed &#8211; uma vida produtiva<\/a><\/blockquote><iframe title=\"&#8220;Gilete da Inga\u00ed &#8211; uma vida produtiva&#8221; &#8212; Otavio Bernardes\" class=\"wp-embedded-content\" sandbox=\"allow-scripts\" security=\"restricted\" style=\"position: absolute; clip: rect(1px, 1px, 1px, 1px);\" src=\"http:\/\/blog.ingai.agr.br\/2019\/12\/29\/gilete-da-ingai-uma-vida-produtiva\/embed\/#?secret=wnqG7vUTEi\" data-secret=\"wnqG7vUTEi\" width=\"600\" height=\"338\" frameborder=\"0\" marginwidth=\"0\" marginheight=\"0\" scrolling=\"no\"><\/iframe>\n<\/div><\/figure>\n","protected":false},"excerpt":{"rendered":"","protected":false},"author":2,"featured_media":0,"parent":0,"menu_order":0,"comment_status":"closed","ping_status":"closed","template":"","meta":{"_mi_skip_tracking":false},"_links":{"self":[{"href":"http:\/\/blog.ingai.agr.br\/index.php?rest_route=\/wp\/v2\/pages\/124"}],"collection":[{"href":"http:\/\/blog.ingai.agr.br\/index.php?rest_route=\/wp\/v2\/pages"}],"about":[{"href":"http:\/\/blog.ingai.agr.br\/index.php?rest_route=\/wp\/v2\/types\/page"}],"author":[{"embeddable":true,"href":"http:\/\/blog.ingai.agr.br\/index.php?rest_route=\/wp\/v2\/users\/2"}],"replies":[{"embeddable":true,"href":"http:\/\/blog.ingai.agr.br\/index.php?rest_route=%2Fwp%2Fv2%2Fcomments&post=124"}],"version-history":[{"count":4,"href":"http:\/\/blog.ingai.agr.br\/index.php?rest_route=\/wp\/v2\/pages\/124\/revisions"}],"predecessor-version":[{"id":185,"href":"http:\/\/blog.ingai.agr.br\/index.php?rest_route=\/wp\/v2\/pages\/124\/revisions\/185"}],"wp:attachment":[{"href":"http:\/\/blog.ingai.agr.br\/index.php?rest_route=%2Fwp%2Fv2%2Fmedia&parent=124"}],"curies":[{"name":"wp","href":"https:\/\/api.w.org\/{rel}","templated":true}]}}